{"id":129,"date":"2021-10-20T11:24:20","date_gmt":"2021-10-20T09:24:20","guid":{"rendered":"http:\/\/www.letnaliving.cz\/zkusebni-stranka\/"},"modified":"2024-04-23T11:43:59","modified_gmt":"2024-04-23T09:43:59","slug":"zkusebni-stranka","status":"publish","type":"page","link":"https:\/\/www.letnaliving.cz\/cs\/","title":{"rendered":"Home"},"content":{"rendered":"","protected":false},"excerpt":{"rendered":"","protected":false},"author":1,"featured_media":0,"parent":0,"menu_order":0,"comment_status":"closed","ping_status":"closed","template":"templates\/homepage.php","meta":{"_acf_changed":false,"footnotes":""},"class_list":["post-129","page","type-page","status-publish","hentry"],"acf":[],"yoast_head":"<!-- This site is optimized with the Yoast SEO plugin v27.1.1 - https:\/\/yoast.com\/product\/yoast-seo-wordpress\/ -->\n<title>Letn\u00e1 Bydlen\u00ed | Praguesirens House<\/title>\n<meta name=\"description\" content=\"Letn\u00e1 Bydlen\u00ed | Praguesirens House, M. Hor\u00e1kov\u00e9 690\/4 170 00 Praha 7. Bytov\u00fd d\u016fm praguesirens je sou\u010d\u00e1st\u00ed \u017eivouc\u00ed letensk\u00e9 galerie konstruktivistick\u00e9 architektury, kter\u00e1 se datuje do dvac\u00e1t\u00fdch a t\u0159ic\u00e1t\u00fdch let 20. stolet\u00ed. Nach\u00e1z\u00ed se v klidn\u00e9 \u010d\u00e1sti ulice Milady Hor\u00e1kov\u00e9 (\u010d. p. 4) v centru Letn\u00e9, jedn\u00e9 z nejhez\u010d\u00edch reziden\u010dn\u00edch oblast\u00ed Prahy.\" \/>\n<meta name=\"robots\" content=\"index, follow, max-snippet:-1, max-image-preview:large, max-video-preview:-1\" \/>\n<link rel=\"canonical\" href=\"https:\/\/www.letnaliving.cz\/cs\/\" \/>\n<meta property=\"og:locale\" content=\"cs_CZ\" \/>\n<meta property=\"og:type\" content=\"article\" \/>\n<meta property=\"og:title\" content=\"Letn\u00e1 Bydlen\u00ed | Praguesirens House\" \/>\n<meta property=\"og:description\" content=\"Letn\u00e1 Bydlen\u00ed | Praguesirens House, M. Hor\u00e1kov\u00e9 690\/4 170 00 Praha 7. Bytov\u00fd d\u016fm praguesirens je sou\u010d\u00e1st\u00ed \u017eivouc\u00ed letensk\u00e9 galerie konstruktivistick\u00e9 architektury, kter\u00e1 se datuje do dvac\u00e1t\u00fdch a t\u0159ic\u00e1t\u00fdch let 20. stolet\u00ed. Nach\u00e1z\u00ed se v klidn\u00e9 \u010d\u00e1sti ulice Milady Hor\u00e1kov\u00e9 (\u010d. p. 4) v centru Letn\u00e9, jedn\u00e9 z nejhez\u010d\u00edch reziden\u010dn\u00edch oblast\u00ed Prahy.\" \/>\n<meta property=\"og:url\" content=\"https:\/\/www.letnaliving.cz\/cs\/\" \/>\n<meta property=\"og:site_name\" content=\"Prague Sirens House\" \/>\n<meta property=\"article:modified_time\" content=\"2024-04-23T09:43:59+00:00\" \/>\n<meta name=\"twitter:card\" content=\"summary_large_image\" \/>\n<script type=\"application\/ld+json\" class=\"yoast-schema-graph\">{\"@context\":\"https:\/\/schema.org\",\"@graph\":[{\"@type\":\"WebPage\",\"@id\":\"https:\/\/www.letnaliving.cz\/cs\/\",\"url\":\"https:\/\/www.letnaliving.cz\/cs\/\",\"name\":\"Letn\u00e1 Bydlen\u00ed | Praguesirens House\",\"isPartOf\":{\"@id\":\"https:\/\/www.letnaliving.cz\/#website\"},\"datePublished\":\"2021-10-20T09:24:20+00:00\",\"dateModified\":\"2024-04-23T09:43:59+00:00\",\"description\":\"Letn\u00e1 Bydlen\u00ed | Praguesirens House, M. Hor\u00e1kov\u00e9 690\/4 170 00 Praha 7. Bytov\u00fd d\u016fm praguesirens je sou\u010d\u00e1st\u00ed \u017eivouc\u00ed letensk\u00e9 galerie konstruktivistick\u00e9 architektury, kter\u00e1 se datuje do dvac\u00e1t\u00fdch a t\u0159ic\u00e1t\u00fdch let 20. stolet\u00ed. Nach\u00e1z\u00ed se v klidn\u00e9 \u010d\u00e1sti ulice Milady Hor\u00e1kov\u00e9 (\u010d. p. 4) v centru Letn\u00e9, jedn\u00e9 z nejhez\u010d\u00edch reziden\u010dn\u00edch oblast\u00ed Prahy.\",\"breadcrumb\":{\"@id\":\"https:\/\/www.letnaliving.cz\/cs\/#breadcrumb\"},\"inLanguage\":\"cs\",\"potentialAction\":[{\"@type\":\"ReadAction\",\"target\":[\"https:\/\/www.letnaliving.cz\/cs\/\"]}]},{\"@type\":\"BreadcrumbList\",\"@id\":\"https:\/\/www.letnaliving.cz\/cs\/#breadcrumb\",\"itemListElement\":[{\"@type\":\"ListItem\",\"position\":1,\"name\":\"Home\",\"item\":\"https:\/\/www.letnaliving.cz\/cs\/\"},{\"@type\":\"ListItem\",\"position\":2,\"name\":\"Home\"}]},{\"@type\":\"WebSite\",\"@id\":\"https:\/\/www.letnaliving.cz\/#website\",\"url\":\"https:\/\/www.letnaliving.cz\/\",\"name\":\"Prague Sirens House\",\"description\":\"\",\"potentialAction\":[{\"@type\":\"SearchAction\",\"target\":{\"@type\":\"EntryPoint\",\"urlTemplate\":\"https:\/\/www.letnaliving.cz\/?s={search_term_string}\"},\"query-input\":{\"@type\":\"PropertyValueSpecification\",\"valueRequired\":true,\"valueName\":\"search_term_string\"}}],\"inLanguage\":\"cs\"}]}<\/script>\n<!-- \/ Yoast SEO plugin. -->","yoast_head_json":{"title":"Letn\u00e1 Bydlen\u00ed | Praguesirens House","description":"Letn\u00e1 Bydlen\u00ed | Praguesirens House, M. Hor\u00e1kov\u00e9 690\/4 170 00 Praha 7. Bytov\u00fd d\u016fm praguesirens je sou\u010d\u00e1st\u00ed \u017eivouc\u00ed letensk\u00e9 galerie konstruktivistick\u00e9 architektury, kter\u00e1 se datuje do dvac\u00e1t\u00fdch a t\u0159ic\u00e1t\u00fdch let 20. stolet\u00ed. Nach\u00e1z\u00ed se v klidn\u00e9 \u010d\u00e1sti ulice Milady Hor\u00e1kov\u00e9 (\u010d. p. 4) v centru Letn\u00e9, jedn\u00e9 z nejhez\u010d\u00edch reziden\u010dn\u00edch oblast\u00ed Prahy.","robots":{"index":"index","follow":"follow","max-snippet":"max-snippet:-1","max-image-preview":"max-image-preview:large","max-video-preview":"max-video-preview:-1"},"canonical":"https:\/\/www.letnaliving.cz\/cs\/","og_locale":"cs_CZ","og_type":"article","og_title":"Letn\u00e1 Bydlen\u00ed | Praguesirens House","og_description":"Letn\u00e1 Bydlen\u00ed | Praguesirens House, M. Hor\u00e1kov\u00e9 690\/4 170 00 Praha 7. Bytov\u00fd d\u016fm praguesirens je sou\u010d\u00e1st\u00ed \u017eivouc\u00ed letensk\u00e9 galerie konstruktivistick\u00e9 architektury, kter\u00e1 se datuje do dvac\u00e1t\u00fdch a t\u0159ic\u00e1t\u00fdch let 20. stolet\u00ed. Nach\u00e1z\u00ed se v klidn\u00e9 \u010d\u00e1sti ulice Milady Hor\u00e1kov\u00e9 (\u010d. p. 4) v centru Letn\u00e9, jedn\u00e9 z nejhez\u010d\u00edch reziden\u010dn\u00edch oblast\u00ed Prahy.","og_url":"https:\/\/www.letnaliving.cz\/cs\/","og_site_name":"Prague Sirens House","article_modified_time":"2024-04-23T09:43:59+00:00","twitter_card":"summary_large_image","schema":{"@context":"https:\/\/schema.org","@graph":[{"@type":"WebPage","@id":"https:\/\/www.letnaliving.cz\/cs\/","url":"https:\/\/www.letnaliving.cz\/cs\/","name":"Letn\u00e1 Bydlen\u00ed | Praguesirens House","isPartOf":{"@id":"https:\/\/www.letnaliving.cz\/#website"},"datePublished":"2021-10-20T09:24:20+00:00","dateModified":"2024-04-23T09:43:59+00:00","description":"Letn\u00e1 Bydlen\u00ed | Praguesirens House, M. Hor\u00e1kov\u00e9 690\/4 170 00 Praha 7. Bytov\u00fd d\u016fm praguesirens je sou\u010d\u00e1st\u00ed \u017eivouc\u00ed letensk\u00e9 galerie konstruktivistick\u00e9 architektury, kter\u00e1 se datuje do dvac\u00e1t\u00fdch a t\u0159ic\u00e1t\u00fdch let 20. stolet\u00ed. Nach\u00e1z\u00ed se v klidn\u00e9 \u010d\u00e1sti ulice Milady Hor\u00e1kov\u00e9 (\u010d. p. 4) v centru Letn\u00e9, jedn\u00e9 z nejhez\u010d\u00edch reziden\u010dn\u00edch oblast\u00ed Prahy.","breadcrumb":{"@id":"https:\/\/www.letnaliving.cz\/cs\/#breadcrumb"},"inLanguage":"cs","potentialAction":[{"@type":"ReadAction","target":["https:\/\/www.letnaliving.cz\/cs\/"]}]},{"@type":"BreadcrumbList","@id":"https:\/\/www.letnaliving.cz\/cs\/#breadcrumb","itemListElement":[{"@type":"ListItem","position":1,"name":"Home","item":"https:\/\/www.letnaliving.cz\/cs\/"},{"@type":"ListItem","position":2,"name":"Home"}]},{"@type":"WebSite","@id":"https:\/\/www.letnaliving.cz\/#website","url":"https:\/\/www.letnaliving.cz\/","name":"Prague Sirens House","description":"","potentialAction":[{"@type":"SearchAction","target":{"@type":"EntryPoint","urlTemplate":"https:\/\/www.letnaliving.cz\/?s={search_term_string}"},"query-input":{"@type":"PropertyValueSpecification","valueRequired":true,"valueName":"search_term_string"}}],"inLanguage":"cs"}]}},"_links":{"self":[{"href":"https:\/\/www.letnaliving.cz\/cs\/wp-json\/wp\/v2\/pages\/129","targetHints":{"allow":["GET"]}}],"collection":[{"href":"https:\/\/www.letnaliving.cz\/cs\/wp-json\/wp\/v2\/pages"}],"about":[{"href":"https:\/\/www.letnaliving.cz\/cs\/wp-json\/wp\/v2\/types\/page"}],"author":[{"embeddable":true,"href":"https:\/\/www.letnaliving.cz\/cs\/wp-json\/wp\/v2\/users\/1"}],"replies":[{"embeddable":true,"href":"https:\/\/www.letnaliving.cz\/cs\/wp-json\/wp\/v2\/comments?post=129"}],"version-history":[{"count":51,"href":"https:\/\/www.letnaliving.cz\/cs\/wp-json\/wp\/v2\/pages\/129\/revisions"}],"predecessor-version":[{"id":574,"href":"https:\/\/www.letnaliving.cz\/cs\/wp-json\/wp\/v2\/pages\/129\/revisions\/574"}],"wp:attachment":[{"href":"https:\/\/www.letnaliving.cz\/cs\/wp-json\/wp\/v2\/media?parent=129"}],"curies":[{"name":"wp","href":"https:\/\/api.w.org\/{rel}","templated":true}]}}